{"id":49,"date":"2023-11-27T13:07:17","date_gmt":"2023-11-27T13:07:17","guid":{"rendered":"https:\/\/buzzblogprotheme.com\/emily-bouquet\/?page_id=49"},"modified":"2025-08-04T12:15:17","modified_gmt":"2025-08-04T15:15:17","slug":"contato","status":"publish","type":"page","link":"https:\/\/www.hallnews.com.br\/blog\/contato\/","title":{"rendered":"Contato"},"content":{"rendered":"\t\t<div data-elementor-type=\"wp-page\" data-elementor-id=\"49\" class=\"elementor elementor-49\" data-elementor-post-type=\"page\">\n\t\t\t\t<div class=\"elementor-element elementor-element-3b192a9 e-flex e-con-boxed e-con e-parent\" data-id=\"3b192a9\" data-element_type=\"container\" data-settings=\"{&quot;background_background&quot;:&quot;classic&quot;,&quot;buzzblog_ext_is_background_parallax&quot;:&quot;true&quot;,&quot;buzzblog_ext_is_background_parallax_speed&quot;:{&quot;unit&quot;:&quot;px&quot;,&quot;size&quot;:0.80000000000000004,&quot;sizes&quot;:[]}}\">\n\t\t\t\t\t<div class=\"e-con-inner\">\n\t\t<div class=\"elementor-element elementor-element-467d9c2 e-con-full e-flex e-con e-child\" data-id=\"467d9c2\" data-element_type=\"container\">\n\t\t\t\t<div class=\"elementor-element elementor-element-d13c23c elementor-widget elementor-widget-heading\" data-id=\"d13c23c\" data-element_type=\"widget\" data-settings=\"{&quot;buzzblog_hidepaged&quot;:&quot;false&quot;}\" data-widget_type=\"heading.default\">\n\t\t\t\t<div class=\"elementor-widget-container\">\n\t\t\t\t\t<h2 class=\"elementor-heading-title elementor-size-default\">Contato<\/h2>\t\t\t\t<\/div>\n\t\t\t\t<\/div>\n\t\t\t\t<div class=\"elementor-element elementor-element-96c01d0 elementor-widget elementor-widget-heading\" data-id=\"96c01d0\" data-element_type=\"widget\" data-settings=\"{&quot;buzzblog_hidepaged&quot;:&quot;false&quot;}\" data-widget_type=\"heading.default\">\n\t\t\t\t<div class=\"elementor-widget-container\">\n\t\t\t\t\t<h2 class=\"elementor-heading-title elementor-size-default\">Vamos conversar!<\/h2>\t\t\t\t<\/div>\n\t\t\t\t<\/div>\n\t\t\t\t<div class=\"elementor-element elementor-element-78ff975 elementor-widget elementor-widget-text-editor\" data-id=\"78ff975\" data-element_type=\"widget\" data-settings=\"{&quot;buzzblog_hidepaged&quot;:&quot;false&quot;}\" data-widget_type=\"text-editor.default\">\n\t\t\t\t<div class=\"elementor-widget-container\">\n\t\t\t\t\t\t\t\t\t<p>Se voc\u00ea tem interesse em contribuir enviando pautas para o Hall News ou tem alguma d\u00favida sobre o jornal, envie um e-mail para hallnews@abimad.com.br e fale com a gente! Ser\u00e1 um prazer receb\u00ea-lo.<\/p><p>\u00a0<\/p><p><strong>ABIMAD e Virg\u00ednia Lamarco<\/strong><\/p>\t\t\t\t\t\t\t\t<\/div>\n\t\t\t\t<\/div>\n\t\t\t\t<\/div>\n\t\t<div class=\"elementor-element elementor-element-3cd21b8 e-con-full e-flex e-con e-child\" data-id=\"3cd21b8\" data-element_type=\"container\">\n\t\t\t\t<\/div>\n\t\t\t\t\t<\/div>\n\t\t\t\t<\/div>\n\t\t\t\t<\/div>\n\t\t","protected":false},"excerpt":{"rendered":"<p>Contato Vamos conversar! Se voc\u00ea tem interesse em contribuir enviando pautas para o Hall News ou tem alguma d\u00favida sobre o jornal, envie um e-mail para hallnews@abimad.com.br e fale com&#8230;<\/p>","protected":false},"author":1,"featured_media":0,"parent":0,"menu_order":0,"comment_status":"closed","ping_status":"closed","template":"","meta":{"footnotes":""},"categories":[],"tags":[],"class_list":["post-49","page","type-page","status-publish","hentry"],"_links":{"self":[{"href":"https:\/\/www.hallnews.com.br\/blog\/wp-json\/wp\/v2\/pages\/49","targetHints":{"allow":["GET"]}}],"collection":[{"href":"https:\/\/www.hallnews.com.br\/blog\/wp-json\/wp\/v2\/pages"}],"about":[{"href":"https:\/\/www.hallnews.com.br\/blog\/wp-json\/wp\/v2\/types\/page"}],"author":[{"embeddable":true,"href":"https:\/\/www.hallnews.com.br\/blog\/wp-json\/wp\/v2\/users\/1"}],"replies":[{"embeddable":true,"href":"https:\/\/www.hallnews.com.br\/blog\/wp-json\/wp\/v2\/comments?post=49"}],"version-history":[{"count":13,"href":"https:\/\/www.hallnews.com.br\/blog\/wp-json\/wp\/v2\/pages\/49\/revisions"}],"predecessor-version":[{"id":1798,"href":"https:\/\/www.hallnews.com.br\/blog\/wp-json\/wp\/v2\/pages\/49\/revisions\/1798"}],"wp:attachment":[{"href":"https:\/\/www.hallnews.com.br\/blog\/wp-json\/wp\/v2\/media?parent=49"}],"wp:term":[{"taxonomy":"category","embeddable":true,"href":"https:\/\/www.hallnews.com.br\/blog\/wp-json\/wp\/v2\/categories?post=49"},{"taxonomy":"post_tag","embeddable":true,"href":"https:\/\/www.hallnews.com.br\/blog\/wp-json\/wp\/v2\/tags?post=49"}],"curies":[{"name":"wp","href":"https:\/\/api.w.org\/{rel}","templated":true}]}}