{"id":1815,"date":"2025-08-04T13:41:08","date_gmt":"2025-08-04T16:41:08","guid":{"rendered":"https:\/\/www.hallnews.com.br\/blog\/?page_id=1815"},"modified":"2026-01-29T10:34:18","modified_gmt":"2026-01-29T13:34:18","slug":"jornal-hall-news","status":"publish","type":"page","link":"https:\/\/www.hallnews.com.br\/blog\/jornal-hall-news\/","title":{"rendered":"Jornal Hall News"},"content":{"rendered":"\t\t<div data-elementor-type=\"wp-page\" data-elementor-id=\"1815\" class=\"elementor elementor-1815\" data-elementor-post-type=\"page\">\n\t\t\t\t<div class=\"elementor-element elementor-element-e77afaa e-flex e-con-boxed e-con e-parent\" data-id=\"e77afaa\" data-element_type=\"container\">\n\t\t\t\t\t<div class=\"e-con-inner\">\n\t\t\t\t<div class=\"elementor-element elementor-element-d76a3e1 elementor-widget elementor-widget-heading\" data-id=\"d76a3e1\" data-element_type=\"widget\" data-settings=\"{&quot;buzzblog_hidepaged&quot;:&quot;false&quot;}\" data-widget_type=\"heading.default\">\n\t\t\t\t<div class=\"elementor-widget-container\">\n\t\t\t\t\t<h4 class=\"elementor-heading-title elementor-size-default\">Confira a seguir as edi\u00e7\u00f5es impressas do jornal, distribu\u00eddo nas feiras ABIMAD.<\/h4>\t\t\t\t<\/div>\n\t\t\t\t<\/div>\n\t\t\t\t\t<\/div>\n\t\t\t\t<\/div>\n\t\t<div class=\"elementor-element elementor-element-3f34bd6 e-flex e-con-boxed e-con e-parent\" data-id=\"3f34bd6\" data-element_type=\"container\">\n\t\t\t\t\t<div class=\"e-con-inner\">\n\t\t\t\t<div class=\"elementor-element elementor-element-04c427c elementor-widget elementor-widget-image\" data-id=\"04c427c\" data-element_type=\"widget\" data-settings=\"{&quot;buzzblog_hidepaged&quot;:&quot;false&quot;}\" data-widget_type=\"image.default\">\n\t\t\t\t<div class=\"elementor-widget-container\">\n\t\t\t\t\t\t\t\t\t\t\t\t<figure class=\"wp-caption\">\n\t\t\t\t\t\t\t\t\t\t\t<a href=\"https:\/\/www.hallnews.com.br\/blog\/wp-content\/uploads\/2026\/01\/JORNAL-DIGITAL-HALL-NEWS_ED5_PORTUGUES.pdf\" target=\"_blank\">\n\t\t\t\t\t\t\t<img fetchpriority=\"high\" decoding=\"async\" width=\"539\" height=\"730\" src=\"https:\/\/www.hallnews.com.br\/blog\/wp-content\/uploads\/2026\/01\/HallNews05_capa-539x730.jpg\" class=\"attachment-large size-large wp-image-2083\" alt=\"\" srcset=\"https:\/\/www.hallnews.com.br\/blog\/wp-content\/uploads\/2026\/01\/HallNews05_capa-539x730.jpg 539w, https:\/\/www.hallnews.com.br\/blog\/wp-content\/uploads\/2026\/01\/HallNews05_capa-303x410.jpg 303w, https:\/\/www.hallnews.com.br\/blog\/wp-content\/uploads\/2026\/01\/HallNews05_capa-768x1040.jpg 768w, https:\/\/www.hallnews.com.br\/blog\/wp-content\/uploads\/2026\/01\/HallNews05_capa-1134x1536.jpg 1134w, https:\/\/www.hallnews.com.br\/blog\/wp-content\/uploads\/2026\/01\/HallNews05_capa-1513x2048.jpg 1513w, https:\/\/www.hallnews.com.br\/blog\/wp-content\/uploads\/2026\/01\/HallNews05_capa-90x122.jpg 90w, https:\/\/www.hallnews.com.br\/blog\/wp-content\/uploads\/2026\/01\/HallNews05_capa-320x433.jpg 320w, https:\/\/www.hallnews.com.br\/blog\/wp-content\/uploads\/2026\/01\/HallNews05_capa-560x758.jpg 560w, https:\/\/www.hallnews.com.br\/blog\/wp-content\/uploads\/2026\/01\/HallNews05_capa-782x1059.jpg 782w, https:\/\/www.hallnews.com.br\/blog\/wp-content\/uploads\/2026\/01\/HallNews05_capa-1136x1538.jpg 1136w, https:\/\/www.hallnews.com.br\/blog\/wp-content\/uploads\/2026\/01\/HallNews05_capa-1920x2600.jpg 1920w, https:\/\/www.hallnews.com.br\/blog\/wp-content\/uploads\/2026\/01\/HallNews05_capa-scaled.jpg 1891w\" sizes=\"(max-width: 539px) 100vw, 539px\" \/>\t\t\t\t\t\t\t\t<\/a>\n\t\t\t\t\t\t\t\t\t\t\t<figcaption class=\"widget-image-caption wp-caption-text\">Clique na imagem para acessar o PDF<\/figcaption>\n\t\t\t\t\t\t\t\t\t\t<\/figure>\n\t\t\t\t\t\t\t\t\t<\/div>\n\t\t\t\t<\/div>\n\t\t\t\t\t<\/div>\n\t\t\t\t<\/div>\n\t\t<div class=\"elementor-element elementor-element-45b7499 e-flex e-con-boxed e-con e-parent\" data-id=\"45b7499\" data-element_type=\"container\">\n\t\t\t\t\t<div class=\"e-con-inner\">\n\t\t<div class=\"elementor-element elementor-element-2d664c9 e-con-full e-flex e-con e-child\" data-id=\"2d664c9\" data-element_type=\"container\">\n\t\t\t\t<div class=\"elementor-element elementor-element-ba580a3 elementor-widget elementor-widget-image\" data-id=\"ba580a3\" data-element_type=\"widget\" data-settings=\"{&quot;buzzblog_hidepaged&quot;:&quot;false&quot;}\" data-widget_type=\"image.default\">\n\t\t\t\t<div class=\"elementor-widget-container\">\n\t\t\t\t\t\t\t\t\t\t\t\t<figure class=\"wp-caption\">\n\t\t\t\t\t\t\t\t\t\t\t<a href=\"https:\/\/www.hallnews.com.br\/blog\/wp-content\/uploads\/2025\/08\/1-JORNAL-HALL-ED-4.pdf\" target=\"_blank\">\n\t\t\t\t\t\t\t<img decoding=\"async\" width=\"543\" height=\"730\" src=\"https:\/\/www.hallnews.com.br\/blog\/wp-content\/uploads\/2025\/08\/JORNAL-HALL-NEWS-4-1-543x730.jpg\" class=\"attachment-large size-large wp-image-1820\" alt=\"\" srcset=\"https:\/\/www.hallnews.com.br\/blog\/wp-content\/uploads\/2025\/08\/JORNAL-HALL-NEWS-4-1-543x730.jpg 543w, https:\/\/www.hallnews.com.br\/blog\/wp-content\/uploads\/2025\/08\/JORNAL-HALL-NEWS-4-1-305x410.jpg 305w, https:\/\/www.hallnews.com.br\/blog\/wp-content\/uploads\/2025\/08\/JORNAL-HALL-NEWS-4-1-768x1033.jpg 768w, https:\/\/www.hallnews.com.br\/blog\/wp-content\/uploads\/2025\/08\/JORNAL-HALL-NEWS-4-1-1142x1536.jpg 1142w, https:\/\/www.hallnews.com.br\/blog\/wp-content\/uploads\/2025\/08\/JORNAL-HALL-NEWS-4-1-1523x2048.jpg 1523w, https:\/\/www.hallnews.com.br\/blog\/wp-content\/uploads\/2025\/08\/JORNAL-HALL-NEWS-4-1-90x120.jpg 90w, https:\/\/www.hallnews.com.br\/blog\/wp-content\/uploads\/2025\/08\/JORNAL-HALL-NEWS-4-1-320x430.jpg 320w, https:\/\/www.hallnews.com.br\/blog\/wp-content\/uploads\/2025\/08\/JORNAL-HALL-NEWS-4-1-560x753.jpg 560w, https:\/\/www.hallnews.com.br\/blog\/wp-content\/uploads\/2025\/08\/JORNAL-HALL-NEWS-4-1-782x1052.jpg 782w, https:\/\/www.hallnews.com.br\/blog\/wp-content\/uploads\/2025\/08\/JORNAL-HALL-NEWS-4-1-1136x1528.jpg 1136w, https:\/\/www.hallnews.com.br\/blog\/wp-content\/uploads\/2025\/08\/JORNAL-HALL-NEWS-4-1-1920x2582.jpg 1920w, https:\/\/www.hallnews.com.br\/blog\/wp-content\/uploads\/2025\/08\/JORNAL-HALL-NEWS-4-1-scaled.jpg 1903w\" sizes=\"(max-width: 543px) 100vw, 543px\" \/>\t\t\t\t\t\t\t\t<\/a>\n\t\t\t\t\t\t\t\t\t\t\t<figcaption class=\"widget-image-caption wp-caption-text\">Clique na imagem para acessar o PDF<\/figcaption>\n\t\t\t\t\t\t\t\t\t\t<\/figure>\n\t\t\t\t\t\t\t\t\t<\/div>\n\t\t\t\t<\/div>\n\t\t\t\t<\/div>\n\t\t<div class=\"elementor-element elementor-element-12f3c0f e-con-full e-flex e-con e-child\" data-id=\"12f3c0f\" data-element_type=\"container\">\n\t\t\t\t<div class=\"elementor-element elementor-element-b776519 elementor-widget elementor-widget-image\" data-id=\"b776519\" data-element_type=\"widget\" data-settings=\"{&quot;buzzblog_hidepaged&quot;:&quot;false&quot;}\" data-widget_type=\"image.default\">\n\t\t\t\t<div class=\"elementor-widget-container\">\n\t\t\t\t\t\t\t\t\t\t\t\t<figure class=\"wp-caption\">\n\t\t\t\t\t\t\t\t\t\t\t<a href=\"https:\/\/www.hallnews.com.br\/blog\/wp-content\/uploads\/2025\/08\/JORNAL-HALL-NEWS-3.pdf\" target=\"_blank\">\n\t\t\t\t\t\t\t<img decoding=\"async\" width=\"539\" height=\"730\" src=\"https:\/\/www.hallnews.com.br\/blog\/wp-content\/uploads\/2025\/08\/JORNAL-HALL-NEWS-3-1-539x730.jpg\" class=\"attachment-large size-large wp-image-1819\" alt=\"\" srcset=\"https:\/\/www.hallnews.com.br\/blog\/wp-content\/uploads\/2025\/08\/JORNAL-HALL-NEWS-3-1-539x730.jpg 539w, https:\/\/www.hallnews.com.br\/blog\/wp-content\/uploads\/2025\/08\/JORNAL-HALL-NEWS-3-1-303x410.jpg 303w, https:\/\/www.hallnews.com.br\/blog\/wp-content\/uploads\/2025\/08\/JORNAL-HALL-NEWS-3-1-768x1040.jpg 768w, https:\/\/www.hallnews.com.br\/blog\/wp-content\/uploads\/2025\/08\/JORNAL-HALL-NEWS-3-1-1134x1536.jpg 1134w, https:\/\/www.hallnews.com.br\/blog\/wp-content\/uploads\/2025\/08\/JORNAL-HALL-NEWS-3-1-1512x2048.jpg 1512w, https:\/\/www.hallnews.com.br\/blog\/wp-content\/uploads\/2025\/08\/JORNAL-HALL-NEWS-3-1-90x122.jpg 90w, https:\/\/www.hallnews.com.br\/blog\/wp-content\/uploads\/2025\/08\/JORNAL-HALL-NEWS-3-1-320x433.jpg 320w, https:\/\/www.hallnews.com.br\/blog\/wp-content\/uploads\/2025\/08\/JORNAL-HALL-NEWS-3-1-560x758.jpg 560w, https:\/\/www.hallnews.com.br\/blog\/wp-content\/uploads\/2025\/08\/JORNAL-HALL-NEWS-3-1-782x1059.jpg 782w, https:\/\/www.hallnews.com.br\/blog\/wp-content\/uploads\/2025\/08\/JORNAL-HALL-NEWS-3-1-1136x1538.jpg 1136w, https:\/\/www.hallnews.com.br\/blog\/wp-content\/uploads\/2025\/08\/JORNAL-HALL-NEWS-3-1-1920x2600.jpg 1920w, https:\/\/www.hallnews.com.br\/blog\/wp-content\/uploads\/2025\/08\/JORNAL-HALL-NEWS-3-1-scaled.jpg 1890w\" sizes=\"(max-width: 539px) 100vw, 539px\" \/>\t\t\t\t\t\t\t\t<\/a>\n\t\t\t\t\t\t\t\t\t\t\t<figcaption class=\"widget-image-caption wp-caption-text\">Clique na imagem para acessar o PDF<\/figcaption>\n\t\t\t\t\t\t\t\t\t\t<\/figure>\n\t\t\t\t\t\t\t\t\t<\/div>\n\t\t\t\t<\/div>\n\t\t\t\t<\/div>\n\t\t\t\t\t<\/div>\n\t\t\t\t<\/div>\n\t\t<div class=\"elementor-element elementor-element-65e21b6 e-flex e-con-boxed e-con e-parent\" data-id=\"65e21b6\" data-element_type=\"container\">\n\t\t\t\t\t<div class=\"e-con-inner\">\n\t\t<div class=\"elementor-element elementor-element-4ea99c3 e-con-full e-flex e-con e-child\" data-id=\"4ea99c3\" data-element_type=\"container\">\n\t\t\t\t<div class=\"elementor-element elementor-element-87b1552 elementor-widget elementor-widget-image\" data-id=\"87b1552\" data-element_type=\"widget\" data-settings=\"{&quot;buzzblog_hidepaged&quot;:&quot;false&quot;}\" data-widget_type=\"image.default\">\n\t\t\t\t<div class=\"elementor-widget-container\">\n\t\t\t\t\t\t\t\t\t\t\t\t<figure class=\"wp-caption\">\n\t\t\t\t\t\t\t\t\t\t\t<a href=\"https:\/\/www.hallnews.com.br\/blog\/wp-content\/uploads\/2025\/08\/JORNAL-HALL-NEWS-2.pdf\" target=\"_blank\">\n\t\t\t\t\t\t\t<img loading=\"lazy\" decoding=\"async\" width=\"539\" height=\"730\" src=\"https:\/\/www.hallnews.com.br\/blog\/wp-content\/uploads\/2025\/08\/JORNAL-HALL-NEWS-2-1-539x730.jpg\" class=\"attachment-large size-large wp-image-1818\" alt=\"\" srcset=\"https:\/\/www.hallnews.com.br\/blog\/wp-content\/uploads\/2025\/08\/JORNAL-HALL-NEWS-2-1-539x730.jpg 539w, https:\/\/www.hallnews.com.br\/blog\/wp-content\/uploads\/2025\/08\/JORNAL-HALL-NEWS-2-1-303x410.jpg 303w, https:\/\/www.hallnews.com.br\/blog\/wp-content\/uploads\/2025\/08\/JORNAL-HALL-NEWS-2-1-768x1040.jpg 768w, https:\/\/www.hallnews.com.br\/blog\/wp-content\/uploads\/2025\/08\/JORNAL-HALL-NEWS-2-1-1134x1536.jpg 1134w, https:\/\/www.hallnews.com.br\/blog\/wp-content\/uploads\/2025\/08\/JORNAL-HALL-NEWS-2-1-1512x2048.jpg 1512w, https:\/\/www.hallnews.com.br\/blog\/wp-content\/uploads\/2025\/08\/JORNAL-HALL-NEWS-2-1-90x122.jpg 90w, https:\/\/www.hallnews.com.br\/blog\/wp-content\/uploads\/2025\/08\/JORNAL-HALL-NEWS-2-1-320x433.jpg 320w, https:\/\/www.hallnews.com.br\/blog\/wp-content\/uploads\/2025\/08\/JORNAL-HALL-NEWS-2-1-560x758.jpg 560w, https:\/\/www.hallnews.com.br\/blog\/wp-content\/uploads\/2025\/08\/JORNAL-HALL-NEWS-2-1-782x1059.jpg 782w, https:\/\/www.hallnews.com.br\/blog\/wp-content\/uploads\/2025\/08\/JORNAL-HALL-NEWS-2-1-1136x1538.jpg 1136w, https:\/\/www.hallnews.com.br\/blog\/wp-content\/uploads\/2025\/08\/JORNAL-HALL-NEWS-2-1-1920x2600.jpg 1920w, https:\/\/www.hallnews.com.br\/blog\/wp-content\/uploads\/2025\/08\/JORNAL-HALL-NEWS-2-1-scaled.jpg 1890w\" sizes=\"(max-width: 539px) 100vw, 539px\" \/>\t\t\t\t\t\t\t\t<\/a>\n\t\t\t\t\t\t\t\t\t\t\t<figcaption class=\"widget-image-caption wp-caption-text\">Clique na imagem para acessar o PDF<\/figcaption>\n\t\t\t\t\t\t\t\t\t\t<\/figure>\n\t\t\t\t\t\t\t\t\t<\/div>\n\t\t\t\t<\/div>\n\t\t\t\t<\/div>\n\t\t<div class=\"elementor-element elementor-element-78fb2aa e-con-full e-flex e-con e-child\" data-id=\"78fb2aa\" data-element_type=\"container\">\n\t\t\t\t<div class=\"elementor-element elementor-element-f9ada8b elementor-widget elementor-widget-image\" data-id=\"f9ada8b\" data-element_type=\"widget\" data-settings=\"{&quot;buzzblog_hidepaged&quot;:&quot;false&quot;}\" data-widget_type=\"image.default\">\n\t\t\t\t<div class=\"elementor-widget-container\">\n\t\t\t\t\t\t\t\t\t\t\t\t<figure class=\"wp-caption\">\n\t\t\t\t\t\t\t\t\t\t\t<a href=\"https:\/\/www.hallnews.com.br\/blog\/wp-content\/uploads\/2025\/08\/JORNAL-HALL-NEWS-1.pdf\" target=\"_blank\">\n\t\t\t\t\t\t\t<img loading=\"lazy\" decoding=\"async\" width=\"539\" height=\"730\" src=\"https:\/\/www.hallnews.com.br\/blog\/wp-content\/uploads\/2025\/08\/JORNAL-HALL-NEWS-1-1-1-539x730.jpg\" class=\"attachment-large size-large wp-image-1844\" alt=\"Jornal Hall News - edi\u00e7\u00e3o 1\" srcset=\"https:\/\/www.hallnews.com.br\/blog\/wp-content\/uploads\/2025\/08\/JORNAL-HALL-NEWS-1-1-1-539x730.jpg 539w, https:\/\/www.hallnews.com.br\/blog\/wp-content\/uploads\/2025\/08\/JORNAL-HALL-NEWS-1-1-1-303x410.jpg 303w, https:\/\/www.hallnews.com.br\/blog\/wp-content\/uploads\/2025\/08\/JORNAL-HALL-NEWS-1-1-1-768x1040.jpg 768w, https:\/\/www.hallnews.com.br\/blog\/wp-content\/uploads\/2025\/08\/JORNAL-HALL-NEWS-1-1-1-1134x1536.jpg 1134w, https:\/\/www.hallnews.com.br\/blog\/wp-content\/uploads\/2025\/08\/JORNAL-HALL-NEWS-1-1-1-1512x2048.jpg 1512w, https:\/\/www.hallnews.com.br\/blog\/wp-content\/uploads\/2025\/08\/JORNAL-HALL-NEWS-1-1-1-90x122.jpg 90w, https:\/\/www.hallnews.com.br\/blog\/wp-content\/uploads\/2025\/08\/JORNAL-HALL-NEWS-1-1-1-320x433.jpg 320w, https:\/\/www.hallnews.com.br\/blog\/wp-content\/uploads\/2025\/08\/JORNAL-HALL-NEWS-1-1-1-560x758.jpg 560w, https:\/\/www.hallnews.com.br\/blog\/wp-content\/uploads\/2025\/08\/JORNAL-HALL-NEWS-1-1-1-782x1059.jpg 782w, https:\/\/www.hallnews.com.br\/blog\/wp-content\/uploads\/2025\/08\/JORNAL-HALL-NEWS-1-1-1-1136x1538.jpg 1136w, https:\/\/www.hallnews.com.br\/blog\/wp-content\/uploads\/2025\/08\/JORNAL-HALL-NEWS-1-1-1-1920x2600.jpg 1920w, https:\/\/www.hallnews.com.br\/blog\/wp-content\/uploads\/2025\/08\/JORNAL-HALL-NEWS-1-1-1-scaled.jpg 1890w\" sizes=\"(max-width: 539px) 100vw, 539px\" \/>\t\t\t\t\t\t\t\t<\/a>\n\t\t\t\t\t\t\t\t\t\t\t<figcaption class=\"widget-image-caption wp-caption-text\">Clique na imagem para acessar o PDF<\/figcaption>\n\t\t\t\t\t\t\t\t\t\t<\/figure>\n\t\t\t\t\t\t\t\t\t<\/div>\n\t\t\t\t<\/div>\n\t\t\t\t<\/div>\n\t\t\t\t\t<\/div>\n\t\t\t\t<\/div>\n\t\t\t\t<\/div>\n\t\t","protected":false},"excerpt":{"rendered":"<p>Confira a seguir as edi\u00e7\u00f5es impressas do jornal, distribu\u00eddo nas feiras ABIMAD. Clique na imagem para acessar o PDF Clique na imagem para acessar o PDF Clique na imagem para&#8230;<\/p>","protected":false},"author":1,"featured_media":0,"parent":0,"menu_order":0,"comment_status":"closed","ping_status":"closed","template":"","meta":{"footnotes":""},"categories":[],"tags":[],"class_list":["post-1815","page","type-page","status-publish","hentry"],"_links":{"self":[{"href":"https:\/\/www.hallnews.com.br\/blog\/wp-json\/wp\/v2\/pages\/1815","targetHints":{"allow":["GET"]}}],"collection":[{"href":"https:\/\/www.hallnews.com.br\/blog\/wp-json\/wp\/v2\/pages"}],"about":[{"href":"https:\/\/www.hallnews.com.br\/blog\/wp-json\/wp\/v2\/types\/page"}],"author":[{"embeddable":true,"href":"https:\/\/www.hallnews.com.br\/blog\/wp-json\/wp\/v2\/users\/1"}],"replies":[{"embeddable":true,"href":"https:\/\/www.hallnews.com.br\/blog\/wp-json\/wp\/v2\/comments?post=1815"}],"version-history":[{"count":13,"href":"https:\/\/www.hallnews.com.br\/blog\/wp-json\/wp\/v2\/pages\/1815\/revisions"}],"predecessor-version":[{"id":2086,"href":"https:\/\/www.hallnews.com.br\/blog\/wp-json\/wp\/v2\/pages\/1815\/revisions\/2086"}],"wp:attachment":[{"href":"https:\/\/www.hallnews.com.br\/blog\/wp-json\/wp\/v2\/media?parent=1815"}],"wp:term":[{"taxonomy":"category","embeddable":true,"href":"https:\/\/www.hallnews.com.br\/blog\/wp-json\/wp\/v2\/categories?post=1815"},{"taxonomy":"post_tag","embeddable":true,"href":"https:\/\/www.hallnews.com.br\/blog\/wp-json\/wp\/v2\/tags?post=1815"}],"curies":[{"name":"wp","href":"https:\/\/api.w.org\/{rel}","templated":true}]}}