{"id":1233,"date":"2024-02-28T22:51:21","date_gmt":"2024-02-28T22:51:21","guid":{"rendered":"https:\/\/buzzblogprotheme.com\/emily-bouquet\/?page_id=1233"},"modified":"2025-08-04T13:22:00","modified_gmt":"2025-08-04T16:22:00","slug":"sobre","status":"publish","type":"page","link":"https:\/\/www.hallnews.com.br\/blog\/sobre\/","title":{"rendered":"Sobre o Blog"},"content":{"rendered":"\t\t<div data-elementor-type=\"wp-page\" data-elementor-id=\"1233\" class=\"elementor elementor-1233\" data-elementor-post-type=\"page\">\n\t\t\t\t<div class=\"elementor-element elementor-element-9a1b2f8 e-flex e-con-boxed e-con e-parent\" data-id=\"9a1b2f8\" data-element_type=\"container\">\n\t\t\t\t\t<div class=\"e-con-inner\">\n\t\t<div class=\"elementor-element elementor-element-606bf24 e-con-full e-flex e-con e-child\" data-id=\"606bf24\" data-element_type=\"container\">\n\t\t\t\t<div class=\"elementor-element elementor-element-ca3092c animated-slow buzzblog-separator-align-center elementor-invisible elementor-widget elementor-widget-buzzblog-fancy_heading\" data-id=\"ca3092c\" data-element_type=\"widget\" data-settings=\"{&quot;_animation&quot;:&quot;fadeIn&quot;,&quot;buzzblog_hidepaged&quot;:&quot;false&quot;}\" data-widget_type=\"buzzblog-fancy_heading.default\">\n\t\t\t\t<div class=\"elementor-widget-container\">\n\t\t\t\t\t\t\t<div class=\"buzzblog-fancy-heading buzzblog-heading-text-center\">\n\t\t\t<div class=\"buzzblog-fancy-heading-inner\">\n\t\t\t\t<div class=\"buzzblog-heading-subtitle\">NOSSO BLOG<\/div><h2 class=\"buzzblog-heading-title\">Um espa\u00e7o para quem vive e respira o mercado de design, arquitetura, decora\u00e7\u00e3o e arte<\/h2><div class=\"buzzblog-heading-content entry-content\"><p>Ol\u00e1! Eu sou Virginia Lamarco, jornalista especializada em design, decora\u00e7\u00e3o, lifestyle e arte. <\/p>\n<\/div>\t\t\t<\/div>\n\t\t<\/div>\n\t\t\t\t\t\t<\/div>\n\t\t\t\t<\/div>\n\t\t\t\t<div class=\"elementor-element elementor-element-9353903 elementor-widget elementor-widget-text-editor\" data-id=\"9353903\" data-element_type=\"widget\" data-settings=\"{&quot;buzzblog_hidepaged&quot;:&quot;false&quot;}\" data-widget_type=\"text-editor.default\">\n\t\t\t\t<div class=\"elementor-widget-container\">\n\t\t\t\t\t\t\t\t\t<p>Depois de muitos anos trabalhando com revistas e publica\u00e7\u00f5es do setor, aceitei o convite da <strong>ABIMAD<\/strong> para criar este espa\u00e7o que reflete tudo o que me move profissionalmente: trazer conte\u00fado de qualidade, que seja \u00fatil tanto para os associados da ABIMAD quanto para profissionais, lojistas e apaixonados por esse universo criativo.<\/p><p>Neste blog, re\u00fano hist\u00f3rias interessantes, entrevistas com quem realmente movimenta o mercado, reflex\u00f5es sobre o jeito de viver e morar, al\u00e9m de tend\u00eancias e movimentos que est\u00e3o ganhando for\u00e7a no Brasil e no mundo. Um espa\u00e7o para falar com o associado com relev\u00e2ncia e atualiza\u00e7\u00e3o de not\u00edcias do mercado. Vou noticiar o que est\u00e1 acontecendo no setor, mostrar novos projetos e descobrir juntos novos olhares sobre o morar contempor\u00e2neo.<\/p><p>Acompanhe, comente e compartilhe! Este blog \u00e9 seu lugar para se informar, se inspirar e se conectar com ideias e pessoas que fazem a diferen\u00e7a no setor do mobili\u00e1rio, do objeto, da ilumina\u00e7\u00e3o e muito mais.<\/p>\t\t\t\t\t\t\t\t<\/div>\n\t\t\t\t<\/div>\n\t\t\t\t<\/div>\n\t\t<div class=\"elementor-element elementor-element-cdf0906 e-con-full e-flex e-con e-child\" data-id=\"cdf0906\" data-element_type=\"container\">\n\t\t\t\t<div class=\"elementor-element elementor-element-507fc3f elementor-widget elementor-widget-image\" data-id=\"507fc3f\" data-element_type=\"widget\" data-settings=\"{&quot;buzzblog_hidepaged&quot;:&quot;false&quot;}\" data-widget_type=\"image.default\">\n\t\t\t\t<div class=\"elementor-widget-container\">\n\t\t\t\t\t\t\t\t\t\t\t\t\t\t\t<img fetchpriority=\"high\" decoding=\"async\" width=\"578\" height=\"730\" src=\"https:\/\/www.hallnews.com.br\/blog\/wp-content\/uploads\/2025\/04\/virginia-lamarco-578x730.jpg\" class=\"attachment-large size-large wp-image-1646\" alt=\"\" srcset=\"https:\/\/www.hallnews.com.br\/blog\/wp-content\/uploads\/2025\/04\/virginia-lamarco-578x730.jpg 578w, https:\/\/www.hallnews.com.br\/blog\/wp-content\/uploads\/2025\/04\/virginia-lamarco-325x410.jpg 325w, https:\/\/www.hallnews.com.br\/blog\/wp-content\/uploads\/2025\/04\/virginia-lamarco-768x970.jpg 768w, https:\/\/www.hallnews.com.br\/blog\/wp-content\/uploads\/2025\/04\/virginia-lamarco-90x114.jpg 90w, https:\/\/www.hallnews.com.br\/blog\/wp-content\/uploads\/2025\/04\/virginia-lamarco-320x404.jpg 320w, https:\/\/www.hallnews.com.br\/blog\/wp-content\/uploads\/2025\/04\/virginia-lamarco-560x707.jpg 560w, https:\/\/www.hallnews.com.br\/blog\/wp-content\/uploads\/2025\/04\/virginia-lamarco-782x988.jpg 782w, https:\/\/www.hallnews.com.br\/blog\/wp-content\/uploads\/2025\/04\/virginia-lamarco.jpg 1000w\" sizes=\"(max-width: 578px) 100vw, 578px\" \/>\t\t\t\t\t\t\t\t\t\t\t\t\t\t\t<\/div>\n\t\t\t\t<\/div>\n\t\t\t\t<\/div>\n\t\t\t\t\t<\/div>\n\t\t\t\t<\/div>\n\t\t\t\t<\/div>\n\t\t","protected":false},"excerpt":{"rendered":"<p>NOSSO BLOG Um espa\u00e7o para quem vive e respira o mercado de design, arquitetura, decora\u00e7\u00e3o e arte Ol\u00e1! Eu sou Virginia Lamarco, jornalista especializada em design, decora\u00e7\u00e3o, lifestyle e arte&#8230;.<\/p>","protected":false},"author":1,"featured_media":0,"parent":0,"menu_order":0,"comment_status":"closed","ping_status":"closed","template":"","meta":{"footnotes":""},"categories":[],"tags":[],"class_list":["post-1233","page","type-page","status-publish","hentry"],"_links":{"self":[{"href":"https:\/\/www.hallnews.com.br\/blog\/wp-json\/wp\/v2\/pages\/1233","targetHints":{"allow":["GET"]}}],"collection":[{"href":"https:\/\/www.hallnews.com.br\/blog\/wp-json\/wp\/v2\/pages"}],"about":[{"href":"https:\/\/www.hallnews.com.br\/blog\/wp-json\/wp\/v2\/types\/page"}],"author":[{"embeddable":true,"href":"https:\/\/www.hallnews.com.br\/blog\/wp-json\/wp\/v2\/users\/1"}],"replies":[{"embeddable":true,"href":"https:\/\/www.hallnews.com.br\/blog\/wp-json\/wp\/v2\/comments?post=1233"}],"version-history":[{"count":7,"href":"https:\/\/www.hallnews.com.br\/blog\/wp-json\/wp\/v2\/pages\/1233\/revisions"}],"predecessor-version":[{"id":1808,"href":"https:\/\/www.hallnews.com.br\/blog\/wp-json\/wp\/v2\/pages\/1233\/revisions\/1808"}],"wp:attachment":[{"href":"https:\/\/www.hallnews.com.br\/blog\/wp-json\/wp\/v2\/media?parent=1233"}],"wp:term":[{"taxonomy":"category","embeddable":true,"href":"https:\/\/www.hallnews.com.br\/blog\/wp-json\/wp\/v2\/categories?post=1233"},{"taxonomy":"post_tag","embeddable":true,"href":"https:\/\/www.hallnews.com.br\/blog\/wp-json\/wp\/v2\/tags?post=1233"}],"curies":[{"name":"wp","href":"https:\/\/api.w.org\/{rel}","templated":true}]}}